{"id":513,"date":"2023-07-20T11:49:26","date_gmt":"2023-07-20T09:49:26","guid":{"rendered":"https:\/\/fit-mit-mona\/wordpress\/?page_id=513"},"modified":"2023-07-20T11:49:26","modified_gmt":"2023-07-20T09:49:26","slug":"sweatoase-solds","status":"publish","type":"page","link":"https:\/\/www.fit-mit-mona.de\/wordpress\/sweatoase-solds\/","title":{"rendered":"Sweatoase &#8211; Solds"},"content":{"rendered":"\n<h1 class=\"has-text-align-center wp-block-heading\">Die Sweatoase Line Dancers SOLDS stellen sich vor<\/h1>\n\n\n<div class=\"wp-block-image py-5\">\n<figure class=\"aligncenter size-full is-resized\"><img loading=\"lazy\" decoding=\"async\" src=\"https:\/\/www.fit-mit-mona.de\/wordpress\/wp-content\/uploads\/2023\/07\/solds.jpg\" alt=\"\" class=\"wp-image-516\" width=\"582\" height=\"344\" srcset=\"https:\/\/www.fit-mit-mona.de\/wordpress\/wp-content\/uploads\/2023\/07\/solds.jpg 638w, https:\/\/www.fit-mit-mona.de\/wordpress\/wp-content\/uploads\/2023\/07\/solds-300x177.jpg 300w\" sizes=\"(max-width: 582px) 100vw, 582px\" \/><\/figure><\/div>\n\n\n<p class=\"px-5 ps-5\">Seit dem Jahre 2012 bietet das&nbsp; Studio Sweatoase einen&nbsp; Line Dance Kurs an, den&nbsp; wir&nbsp; in unterschiedlicher Teilnehmerzahl besuchen. &nbsp;Aus diesem Line Dance Kurs hat sich nun eine Line Dance Gruppe von ca. 12 T\u00e4nzerinnen gebildet. Mit den Namen SOLDS. (Sweatoase Line Dancers)<\/p>\n\n\n\n<p class=\"has-text-align-center\"><strong>Neue Mitt\u00e4nzer und Mitt\u00e4nzerinnen sind jederzeit herzlich willkommen.<\/strong><\/p>\n\n\n\n<div class=\"wp-block-media-text alignwide is-stacked-on-mobile py-3 px-5\" style=\"grid-template-columns:29% auto\"><figure class=\"wp-block-media-text__media\"><img loading=\"lazy\" decoding=\"async\" width=\"640\" height=\"347\" src=\"https:\/\/www.fit-mit-mona.de\/wordpress\/wp-content\/uploads\/2023\/07\/solds-1.jpg\" alt=\"\" class=\"wp-image-514 size-full\" srcset=\"https:\/\/www.fit-mit-mona.de\/wordpress\/wp-content\/uploads\/2023\/07\/solds-1.jpg 640w, https:\/\/www.fit-mit-mona.de\/wordpress\/wp-content\/uploads\/2023\/07\/solds-1-300x163.jpg 300w\" sizes=\"(max-width: 640px) 100vw, 640px\" \/><\/figure><div class=\"wp-block-media-text__content\">\n<p>Die Freude und der Spa\u00df am Tanzen haben uns zusammengef\u00fchrt und stehen bei uns an erster Stelle. Wir tanzen gerne zu Countrymusik und bevorzugen T\u00e4nze, die vielseitig einsetzbar sind.&nbsp;Aber nicht nur!<\/p>\n<\/div><\/div>\n\n\n\n<div class=\"wp-block-media-text alignwide has-media-on-the-right is-stacked-on-mobile py-3 px-5\" style=\"grid-template-columns:auto 36%\"><div class=\"wp-block-media-text__content\">\n<p>Beim Erlernen einer neuen Choreographie lassen wir uns Zeit und legen lieber mehr Wert auf ordentliche Schrittf\u00fchrung, K\u00f6rperhaltung und ganz wichtig, ein freundliches L\u00e4cheln.<br>&nbsp;&nbsp;<\/p>\n<\/div><figure class=\"wp-block-media-text__media\"><img loading=\"lazy\" decoding=\"async\" width=\"640\" height=\"264\" src=\"https:\/\/www.fit-mit-mona.de\/wordpress\/wp-content\/uploads\/2023\/07\/solds-2.jpg\" alt=\"\" class=\"wp-image-515 size-full\" srcset=\"https:\/\/www.fit-mit-mona.de\/wordpress\/wp-content\/uploads\/2023\/07\/solds-2.jpg 640w, https:\/\/www.fit-mit-mona.de\/wordpress\/wp-content\/uploads\/2023\/07\/solds-2-300x124.jpg 300w\" sizes=\"(max-width: 640px) 100vw, 640px\" \/><\/figure><\/div>\n\n\n\n<p class=\"px-5\">Auch wenn wir eine gem\u00fctliche kleine Truppe sind, k\u00f6nnen wir uns ordentlich pr\u00e4sentieren und haben schon&nbsp;mehrere kleine Auftritte erfolgreich absolviert.&nbsp;<\/p>\n\n\n\n<p>&nbsp;&nbsp;&nbsp;&nbsp;&nbsp;&nbsp;<\/p>\n","protected":false},"excerpt":{"rendered":"<p>Die Sweatoase Line Dancers SOLDS stellen sich vor Seit dem Jahre 2012 bietet das&nbsp; Studio Sweatoase einen&nbsp; Line Dance Kurs an, den&nbsp; wir&nbsp; in unterschiedlicher Teilnehmerzahl besuchen. &nbsp;Aus diesem Line Dance Kurs hat sich nun eine Line Dance Gruppe von ca. 12 T\u00e4nzerinnen gebildet. Mit den Namen SOLDS. (Sweatoase Line Dancers) Neue Mitt\u00e4nzer und Mitt\u00e4nzerinnen [&hellip;]<\/p>\n","protected":false},"author":2,"featured_media":0,"parent":0,"menu_order":0,"comment_status":"closed","ping_status":"closed","template":"","meta":{"_acf_changed":false,"footnotes":""},"acf":[],"_links":{"self":[{"href":"https:\/\/www.fit-mit-mona.de\/wordpress\/wp-json\/wp\/v2\/pages\/513"}],"collection":[{"href":"https:\/\/www.fit-mit-mona.de\/wordpress\/wp-json\/wp\/v2\/pages"}],"about":[{"href":"https:\/\/www.fit-mit-mona.de\/wordpress\/wp-json\/wp\/v2\/types\/page"}],"author":[{"embeddable":true,"href":"https:\/\/www.fit-mit-mona.de\/wordpress\/wp-json\/wp\/v2\/users\/2"}],"replies":[{"embeddable":true,"href":"https:\/\/www.fit-mit-mona.de\/wordpress\/wp-json\/wp\/v2\/comments?post=513"}],"version-history":[{"count":0,"href":"https:\/\/www.fit-mit-mona.de\/wordpress\/wp-json\/wp\/v2\/pages\/513\/revisions"}],"wp:attachment":[{"href":"https:\/\/www.fit-mit-mona.de\/wordpress\/wp-json\/wp\/v2\/media?parent=513"}],"curies":[{"name":"wp","href":"https:\/\/api.w.org\/{rel}","templated":true}]}}